{"id":616,"date":"2025-05-26T13:06:43","date_gmt":"2025-05-26T13:06:43","guid":{"rendered":"https:\/\/grandcafedemolen.webyourservice.nl\/?page_id=616"},"modified":"2026-03-26T11:18:15","modified_gmt":"2026-03-26T11:18:15","slug":"menu","status":"publish","type":"page","link":"https:\/\/dewaegh.com\/fr\/menu\/","title":{"rendered":"Menu"},"content":{"rendered":"\t\t<div data-elementor-type=\"wp-post\" data-elementor-id=\"616\" class=\"elementor elementor-616\" data-elementor-post-type=\"page\">\n\t\t\t\t<div class=\"elementor-element elementor-element-a0e4615 e-flex e-con-boxed e-con e-parent\" data-id=\"a0e4615\" data-element_type=\"container\" data-e-type=\"container\" data-settings=\"{&quot;background_background&quot;:&quot;classic&quot;,&quot;background_motion_fx_motion_fx_scrolling&quot;:&quot;yes&quot;,&quot;background_motion_fx_scale_effect&quot;:&quot;yes&quot;,&quot;background_motion_fx_scale_speed&quot;:{&quot;unit&quot;:&quot;px&quot;,&quot;size&quot;:2,&quot;sizes&quot;:[]},&quot;background_motion_fx_scale_direction&quot;:&quot;out-in&quot;,&quot;background_motion_fx_scale_range&quot;:{&quot;unit&quot;:&quot;%&quot;,&quot;size&quot;:&quot;&quot;,&quot;sizes&quot;:{&quot;start&quot;:20,&quot;end&quot;:80}},&quot;background_motion_fx_devices&quot;:[&quot;desktop&quot;,&quot;tablet&quot;,&quot;mobile&quot;]}\">\n\t\t\t\t\t<div class=\"e-con-inner\">\n\t\t\t\t<div class=\"elementor-element elementor-element-d8bf111 elementor-invisible elementor-widget elementor-widget-heading\" data-id=\"d8bf111\" data-element_type=\"widget\" data-e-type=\"widget\" data-settings=\"{&quot;_animation&quot;:&quot;fadeIn&quot;}\" data-widget_type=\"heading.default\">\n\t\t\t\t<div class=\"elementor-widget-container\">\n\t\t\t\t\t<h2 class=\"elementor-heading-title elementor-size-default\">Menu<\/h2>\t\t\t\t<\/div>\n\t\t\t\t<\/div>\n\t\t\t\t\t<\/div>\n\t\t\t\t<\/div>\n\t\t<div class=\"elementor-element elementor-element-f3bec42 e-flex e-con-boxed e-con e-parent\" data-id=\"f3bec42\" data-element_type=\"container\" data-e-type=\"container\" data-settings=\"{&quot;background_background&quot;:&quot;classic&quot;}\">\n\t\t\t\t\t<div class=\"e-con-inner\">\n\t\t<div class=\"elementor-element elementor-element-aa08d40 e-con-full e-flex e-con e-child\" data-id=\"aa08d40\" data-element_type=\"container\" data-e-type=\"container\">\n\t\t<div class=\"elementor-element elementor-element-7c72fe4 e-con-full e-flex e-con e-child\" data-id=\"7c72fe4\" data-element_type=\"container\" data-e-type=\"container\">\n\t\t\t\t<div class=\"elementor-element elementor-element-ac55faf elementor-widget elementor-widget-heading\" data-id=\"ac55faf\" data-element_type=\"widget\" data-e-type=\"widget\" data-widget_type=\"heading.default\">\n\t\t\t\t<div class=\"elementor-widget-container\">\n\t\t\t\t\t<h2 class=\"elementor-heading-title elementor-size-default\">Lunch<\/h2>\t\t\t\t<\/div>\n\t\t\t\t<\/div>\n\t\t\t\t<div class=\"elementor-element elementor-element-564b8b0 elementor-widget elementor-widget-text-editor\" data-id=\"564b8b0\" data-element_type=\"widget\" data-e-type=\"widget\" data-widget_type=\"text-editor.default\">\n\t\t\t\t<div class=\"elementor-widget-container\">\n\t\t\t\t\t\t\t\t\t<p>Tijdens de lunch schuif je aan voor mediterrane klassiekers met de handtekening van de gebroeders Bosman. Op het menu vind je mooie streekproducten, gecombineerd met mediterrane invloeden. Proef bijvoorbeeld ons landbrood met makreel uit de Monnickendamse rokerij, of kies voor een visproeverij of een van de flammkuchen.<\/p>\t\t\t\t\t\t\t\t<\/div>\n\t\t\t\t<\/div>\n\t\t\t\t<div class=\"elementor-element elementor-element-7728191 elementor-widget elementor-widget-button\" data-id=\"7728191\" data-element_type=\"widget\" data-e-type=\"widget\" data-widget_type=\"button.default\">\n\t\t\t\t<div class=\"elementor-widget-container\">\n\t\t\t\t\t\t\t\t\t<div class=\"elementor-button-wrapper\">\n\t\t\t\t\t<a class=\"elementor-button elementor-button-link elementor-size-sm\" href=\"https:\/\/dewaegh.com\/wp-content\/uploads\/2026\/03\/DeWaegh_Lunchkaart150x270_20p.pdf\" target=\"_blank\">\n\t\t\t\t\t\t<span class=\"elementor-button-content-wrapper\">\n\t\t\t\t\t\t\t\t\t<span class=\"elementor-button-text\">Bekijk lunchkaart<\/span>\n\t\t\t\t\t<\/span>\n\t\t\t\t\t<\/a>\n\t\t\t\t<\/div>\n\t\t\t\t\t\t\t\t<\/div>\n\t\t\t\t<\/div>\n\t\t\t\t<\/div>\n\t\t<div class=\"elementor-element elementor-element-83a4dd4 e-con-full e-flex e-con e-child\" data-id=\"83a4dd4\" data-element_type=\"container\" data-e-type=\"container\">\n\t\t\t\t<div class=\"elementor-element elementor-element-3d94189 elementor-widget elementor-widget-image\" data-id=\"3d94189\" data-element_type=\"widget\" data-e-type=\"widget\" data-widget_type=\"image.default\">\n\t\t\t\t<div class=\"elementor-widget-container\">\n\t\t\t\t\t\t\t\t\t\t\t\t\t\t\t<img fetchpriority=\"high\" decoding=\"async\" width=\"800\" height=\"534\" src=\"https:\/\/dewaegh.com\/wp-content\/uploads\/2025\/07\/Brasserie-De-Waegh_mei-2025-8-van-67-1024x683.jpg\" class=\"attachment-large size-large wp-image-1649\" alt=\"menu de waegh\" srcset=\"https:\/\/dewaegh.com\/wp-content\/uploads\/2025\/07\/Brasserie-De-Waegh_mei-2025-8-van-67-1024x683.jpg 1024w, https:\/\/dewaegh.com\/wp-content\/uploads\/2025\/07\/Brasserie-De-Waegh_mei-2025-8-van-67-300x200.jpg 300w, https:\/\/dewaegh.com\/wp-content\/uploads\/2025\/07\/Brasserie-De-Waegh_mei-2025-8-van-67-768x512.jpg 768w, https:\/\/dewaegh.com\/wp-content\/uploads\/2025\/07\/Brasserie-De-Waegh_mei-2025-8-van-67-1536x1024.jpg 1536w, https:\/\/dewaegh.com\/wp-content\/uploads\/2025\/07\/Brasserie-De-Waegh_mei-2025-8-van-67-2048x1365.jpg 2048w\" sizes=\"(max-width: 800px) 100vw, 800px\" \/>\t\t\t\t\t\t\t\t\t\t\t\t\t\t\t<\/div>\n\t\t\t\t<\/div>\n\t\t\t\t<\/div>\n\t\t\t\t<\/div>\n\t\t\t\t\t<\/div>\n\t\t\t\t<\/div>\n\t\t<div class=\"elementor-element elementor-element-10422be e-flex e-con-boxed e-con e-parent\" data-id=\"10422be\" data-element_type=\"container\" data-e-type=\"container\" data-settings=\"{&quot;background_background&quot;:&quot;classic&quot;}\">\n\t\t\t\t\t<div class=\"e-con-inner\">\n\t\t<div class=\"elementor-element elementor-element-69c1ed3 e-con-full e-flex e-con e-child\" data-id=\"69c1ed3\" data-element_type=\"container\" data-e-type=\"container\">\n\t\t<div class=\"elementor-element elementor-element-fd2feb0 e-con-full e-flex e-con e-child\" data-id=\"fd2feb0\" data-element_type=\"container\" data-e-type=\"container\">\n\t\t\t\t<div class=\"elementor-element elementor-element-8f163e3 elementor-widget elementor-widget-heading\" data-id=\"8f163e3\" data-element_type=\"widget\" data-e-type=\"widget\" data-widget_type=\"heading.default\">\n\t\t\t\t<div class=\"elementor-widget-container\">\n\t\t\t\t\t<h2 class=\"elementor-heading-title elementor-size-default\">Diner<\/h2>\t\t\t\t<\/div>\n\t\t\t\t<\/div>\n\t\t\t\t<div class=\"elementor-element elementor-element-042648e elementor-widget elementor-widget-text-editor\" data-id=\"042648e\" data-element_type=\"widget\" data-e-type=\"widget\" data-widget_type=\"text-editor.default\">\n\t\t\t\t<div class=\"elementor-widget-container\">\n\t\t\t\t\t\t\t\t\t<p>&#8217;s Avonds bepaalt het seizoen wat er op tafel komt. De broers Bosman bereiden mediterrane vlees\u2013 en visgerechten met verse, seizoensgebonden ingredi\u00ebnten.<\/p><p>Kies voor \u00e0 la carte of ga voor onze shared dining: een proeverij van drie gangen met kleine gerechten om samen te delen voor \u20ac 49,50 per persoon.<\/p>\t\t\t\t\t\t\t\t<\/div>\n\t\t\t\t<\/div>\n\t\t\t\t<div class=\"elementor-element elementor-element-a9007c4 elementor-widget elementor-widget-button\" data-id=\"a9007c4\" data-element_type=\"widget\" data-e-type=\"widget\" data-widget_type=\"button.default\">\n\t\t\t\t<div class=\"elementor-widget-container\">\n\t\t\t\t\t\t\t\t\t<div class=\"elementor-button-wrapper\">\n\t\t\t\t\t<a class=\"elementor-button elementor-button-link elementor-size-sm\" href=\"https:\/\/dewaegh.com\/wp-content\/uploads\/2026\/03\/Dinerkaart-dewaegh-2026.pdf\" target=\"_blank\">\n\t\t\t\t\t\t<span class=\"elementor-button-content-wrapper\">\n\t\t\t\t\t\t\t\t\t<span class=\"elementor-button-text\">Bekijk dinerkaart<\/span>\n\t\t\t\t\t<\/span>\n\t\t\t\t\t<\/a>\n\t\t\t\t<\/div>\n\t\t\t\t\t\t\t\t<\/div>\n\t\t\t\t<\/div>\n\t\t\t\t<\/div>\n\t\t<div class=\"elementor-element elementor-element-b1a2823 e-con-full e-flex e-con e-child\" data-id=\"b1a2823\" data-element_type=\"container\" data-e-type=\"container\">\n\t\t\t\t<div class=\"elementor-element elementor-element-fcea8f2 elementor-widget elementor-widget-image\" data-id=\"fcea8f2\" data-element_type=\"widget\" data-e-type=\"widget\" data-widget_type=\"image.default\">\n\t\t\t\t<div class=\"elementor-widget-container\">\n\t\t\t\t\t\t\t\t\t\t\t\t\t\t\t<img decoding=\"async\" width=\"800\" height=\"450\" src=\"https:\/\/dewaegh.com\/wp-content\/uploads\/2026\/01\/Brasserie-De-Waegh_dineren_januari_2026-1024x576.png\" class=\"attachment-large size-large wp-image-2674\" alt=\"\" srcset=\"https:\/\/dewaegh.com\/wp-content\/uploads\/2026\/01\/Brasserie-De-Waegh_dineren_januari_2026-1024x576.png 1024w, https:\/\/dewaegh.com\/wp-content\/uploads\/2026\/01\/Brasserie-De-Waegh_dineren_januari_2026-300x169.png 300w, https:\/\/dewaegh.com\/wp-content\/uploads\/2026\/01\/Brasserie-De-Waegh_dineren_januari_2026-768x432.png 768w, https:\/\/dewaegh.com\/wp-content\/uploads\/2026\/01\/Brasserie-De-Waegh_dineren_januari_2026-1536x864.png 1536w, https:\/\/dewaegh.com\/wp-content\/uploads\/2026\/01\/Brasserie-De-Waegh_dineren_januari_2026-18x10.png 18w, https:\/\/dewaegh.com\/wp-content\/uploads\/2026\/01\/Brasserie-De-Waegh_dineren_januari_2026.png 1600w\" sizes=\"(max-width: 800px) 100vw, 800px\" \/>\t\t\t\t\t\t\t\t\t\t\t\t\t\t\t<\/div>\n\t\t\t\t<\/div>\n\t\t\t\t<\/div>\n\t\t\t\t<\/div>\n\t\t\t\t\t<\/div>\n\t\t\t\t<\/div>\n\t\t<div class=\"elementor-element elementor-element-65e60f9 e-flex e-con-boxed e-con e-parent\" data-id=\"65e60f9\" data-element_type=\"container\" data-e-type=\"container\" data-settings=\"{&quot;background_background&quot;:&quot;classic&quot;}\">\n\t\t\t\t\t<div class=\"e-con-inner\">\n\t\t<div class=\"elementor-element elementor-element-3fe9474 e-con-full e-flex e-con e-child\" data-id=\"3fe9474\" data-element_type=\"container\" data-e-type=\"container\">\n\t\t<div class=\"elementor-element elementor-element-be3143c e-con-full e-flex e-con e-child\" data-id=\"be3143c\" data-element_type=\"container\" data-e-type=\"container\">\n\t\t\t\t<div class=\"elementor-element elementor-element-7bbde9f elementor-widget elementor-widget-heading\" data-id=\"7bbde9f\" data-element_type=\"widget\" data-e-type=\"widget\" data-widget_type=\"heading.default\">\n\t\t\t\t<div class=\"elementor-widget-container\">\n\t\t\t\t\t<h2 class=\"elementor-heading-title elementor-size-default\">Wijn &amp; meer <\/h2>\t\t\t\t<\/div>\n\t\t\t\t<\/div>\n\t\t\t\t<div class=\"elementor-element elementor-element-79ff477 elementor-widget elementor-widget-text-editor\" data-id=\"79ff477\" data-element_type=\"widget\" data-e-type=\"widget\" data-widget_type=\"text-editor.default\">\n\t\t\t\t<div class=\"elementor-widget-container\">\n\t\t\t\t\t\t\t\t\t<p>Elk gerecht verdient de perfecte begeleiding. Onze wijnkaart biedt zowel toegankelijke huiswijnen als bijzondere vondsten, zorgvuldig geselecteerd om onze gerechten aan te vullen. Je kunt kiezen per glas of fles. Daarnaast serveren we speciaalbieren, cocktails en alcoholvrije alternatieven.<\/p>\t\t\t\t\t\t\t\t<\/div>\n\t\t\t\t<\/div>\n\t\t\t\t<div class=\"elementor-element elementor-element-dd1289b elementor-widget elementor-widget-button\" data-id=\"dd1289b\" data-element_type=\"widget\" data-e-type=\"widget\" data-widget_type=\"button.default\">\n\t\t\t\t<div class=\"elementor-widget-container\">\n\t\t\t\t\t\t\t\t\t<div class=\"elementor-button-wrapper\">\n\t\t\t\t\t<a class=\"elementor-button elementor-button-link elementor-size-sm\" href=\"https:\/\/dewaegh.com\/wp-content\/uploads\/2026\/03\/DeWaegh_Drankkaart140x220_16p.pdf\" target=\"_blank\">\n\t\t\t\t\t\t<span class=\"elementor-button-content-wrapper\">\n\t\t\t\t\t\t\t\t\t<span class=\"elementor-button-text\">Bekijk drankenkaart<\/span>\n\t\t\t\t\t<\/span>\n\t\t\t\t\t<\/a>\n\t\t\t\t<\/div>\n\t\t\t\t\t\t\t\t<\/div>\n\t\t\t\t<\/div>\n\t\t\t\t<\/div>\n\t\t<div class=\"elementor-element elementor-element-4de885d e-con-full e-flex e-con e-child\" data-id=\"4de885d\" data-element_type=\"container\" data-e-type=\"container\">\n\t\t\t\t<div class=\"elementor-element elementor-element-7e723c3 elementor-widget elementor-widget-image\" data-id=\"7e723c3\" data-element_type=\"widget\" data-e-type=\"widget\" data-widget_type=\"image.default\">\n\t\t\t\t<div class=\"elementor-widget-container\">\n\t\t\t\t\t\t\t\t\t\t\t\t\t\t\t<img decoding=\"async\" width=\"800\" height=\"450\" src=\"https:\/\/dewaegh.com\/wp-content\/uploads\/2026\/01\/Brasserie-De-Waegh_wijn_januari_2026-1024x576.png\" class=\"attachment-large size-large wp-image-2673\" alt=\"\" srcset=\"https:\/\/dewaegh.com\/wp-content\/uploads\/2026\/01\/Brasserie-De-Waegh_wijn_januari_2026-1024x576.png 1024w, https:\/\/dewaegh.com\/wp-content\/uploads\/2026\/01\/Brasserie-De-Waegh_wijn_januari_2026-300x169.png 300w, https:\/\/dewaegh.com\/wp-content\/uploads\/2026\/01\/Brasserie-De-Waegh_wijn_januari_2026-768x432.png 768w, https:\/\/dewaegh.com\/wp-content\/uploads\/2026\/01\/Brasserie-De-Waegh_wijn_januari_2026-1536x864.png 1536w, https:\/\/dewaegh.com\/wp-content\/uploads\/2026\/01\/Brasserie-De-Waegh_wijn_januari_2026-18x10.png 18w, https:\/\/dewaegh.com\/wp-content\/uploads\/2026\/01\/Brasserie-De-Waegh_wijn_januari_2026.png 1600w\" sizes=\"(max-width: 800px) 100vw, 800px\" \/>\t\t\t\t\t\t\t\t\t\t\t\t\t\t\t<\/div>\n\t\t\t\t<\/div>\n\t\t\t\t<\/div>\n\t\t\t\t<\/div>\n\t\t\t\t\t<\/div>\n\t\t\t\t<\/div>\n\t\t\t\t<\/div>\n\t\t","protected":false},"excerpt":{"rendered":"<p>Lunch Tijdens de lunch schuif je aan voor mediterrane klassiekers met de handtekening van de gebroeders Bosman. Op het menu vind je mooie streekproducten, gecombineerd met mediterrane invloeden. Proef bijvoorbeeld ons landbrood met makreel uit de Monnickendamse rokerij, of kies voor een visproeverij of een van de flammkuchen. Bekijk lunchkaart Diner &#8217;s Avonds bepaalt het [&hellip;]<\/p>\n","protected":false},"author":1,"featured_media":1649,"parent":0,"menu_order":0,"comment_status":"closed","ping_status":"closed","template":"","meta":{"footnotes":""},"class_list":["post-616","page","type-page","status-publish","has-post-thumbnail","hentry"],"yoast_head":"<!-- This site is optimized with the Yoast SEO plugin v27.4 - https:\/\/yoast.com\/product\/yoast-seo-wordpress\/ -->\n<title>Menukaart | Brasserie de Waegh<\/title>\n<meta name=\"description\" content=\"Menu. Ontdek onze vlees- &amp; visgerechten uit de Franse, Italiaanse en Spaanse keuken, heerlijke wijnen, speciaal bieren &amp; cocktails.\" \/>\n<meta name=\"robots\" content=\"index, follow, max-snippet:-1, max-image-preview:large, max-video-preview:-1\" \/>\n<link rel=\"canonical\" href=\"https:\/\/dewaegh.com\/fr\/menu\/\" \/>\n<meta property=\"og:locale\" content=\"fr_FR\" \/>\n<meta property=\"og:type\" content=\"article\" \/>\n<meta property=\"og:title\" content=\"Menukaart | Brasserie de Waegh\" \/>\n<meta property=\"og:description\" content=\"Menu. Ontdek onze vlees- &amp; visgerechten uit de Franse, Italiaanse en Spaanse keuken, heerlijke wijnen, speciaal bieren &amp; cocktails.\" \/>\n<meta property=\"og:url\" content=\"https:\/\/dewaegh.com\/fr\/menu\/\" \/>\n<meta property=\"og:site_name\" content=\"Brasserie de Waegh\" \/>\n<meta property=\"article:modified_time\" content=\"2026-03-26T11:18:15+00:00\" \/>\n<meta property=\"og:image\" content=\"https:\/\/dewaegh.com\/wp-content\/uploads\/2025\/07\/Brasserie-De-Waegh_mei-2025-8-van-67-scaled.jpg\" \/>\n\t<meta property=\"og:image:width\" content=\"2560\" \/>\n\t<meta property=\"og:image:height\" content=\"1707\" \/>\n\t<meta property=\"og:image:type\" content=\"image\/jpeg\" \/>\n<meta name=\"twitter:card\" content=\"summary_large_image\" \/>\n<meta name=\"twitter:label1\" content=\"Dur\u00e9e de lecture estim\u00e9e\" \/>\n\t<meta name=\"twitter:data1\" content=\"2 minutes\" \/>\n<script type=\"application\/ld+json\" class=\"yoast-schema-graph\">{\"@context\":\"https:\\\/\\\/schema.org\",\"@graph\":[{\"@type\":\"WebPage\",\"@id\":\"https:\\\/\\\/dewaegh.com\\\/menu\\\/\",\"url\":\"https:\\\/\\\/dewaegh.com\\\/menu\\\/\",\"name\":\"Menukaart | Brasserie de Waegh\",\"isPartOf\":{\"@id\":\"https:\\\/\\\/dewaegh.com\\\/#website\"},\"primaryImageOfPage\":{\"@id\":\"https:\\\/\\\/dewaegh.com\\\/menu\\\/#primaryimage\"},\"image\":{\"@id\":\"https:\\\/\\\/dewaegh.com\\\/menu\\\/#primaryimage\"},\"thumbnailUrl\":\"https:\\\/\\\/dewaegh.com\\\/wp-content\\\/uploads\\\/2025\\\/07\\\/Brasserie-De-Waegh_mei-2025-8-van-67-scaled.jpg\",\"datePublished\":\"2025-05-26T13:06:43+00:00\",\"dateModified\":\"2026-03-26T11:18:15+00:00\",\"description\":\"Menu. Ontdek onze vlees- & visgerechten uit de Franse, Italiaanse en Spaanse keuken, heerlijke wijnen, speciaal bieren & cocktails.\",\"breadcrumb\":{\"@id\":\"https:\\\/\\\/dewaegh.com\\\/menu\\\/#breadcrumb\"},\"inLanguage\":\"fr-FR\",\"potentialAction\":[{\"@type\":\"ReadAction\",\"target\":[\"https:\\\/\\\/dewaegh.com\\\/menu\\\/\"]}]},{\"@type\":\"ImageObject\",\"inLanguage\":\"fr-FR\",\"@id\":\"https:\\\/\\\/dewaegh.com\\\/menu\\\/#primaryimage\",\"url\":\"https:\\\/\\\/dewaegh.com\\\/wp-content\\\/uploads\\\/2025\\\/07\\\/Brasserie-De-Waegh_mei-2025-8-van-67-scaled.jpg\",\"contentUrl\":\"https:\\\/\\\/dewaegh.com\\\/wp-content\\\/uploads\\\/2025\\\/07\\\/Brasserie-De-Waegh_mei-2025-8-van-67-scaled.jpg\",\"width\":2560,\"height\":1707,\"caption\":\"menu de waegh\"},{\"@type\":\"BreadcrumbList\",\"@id\":\"https:\\\/\\\/dewaegh.com\\\/menu\\\/#breadcrumb\",\"itemListElement\":[{\"@type\":\"ListItem\",\"position\":1,\"name\":\"Home\",\"item\":\"https:\\\/\\\/dewaegh.com\\\/\"},{\"@type\":\"ListItem\",\"position\":2,\"name\":\"Menu\"}]},{\"@type\":\"WebSite\",\"@id\":\"https:\\\/\\\/dewaegh.com\\\/#website\",\"url\":\"https:\\\/\\\/dewaegh.com\\\/\",\"name\":\"Brasserie de Waegh\",\"description\":\"\",\"publisher\":{\"@id\":\"https:\\\/\\\/dewaegh.com\\\/#organization\"},\"potentialAction\":[{\"@type\":\"SearchAction\",\"target\":{\"@type\":\"EntryPoint\",\"urlTemplate\":\"https:\\\/\\\/dewaegh.com\\\/?s={search_term_string}\"},\"query-input\":{\"@type\":\"PropertyValueSpecification\",\"valueRequired\":true,\"valueName\":\"search_term_string\"}}],\"inLanguage\":\"fr-FR\"},{\"@type\":\"Organization\",\"@id\":\"https:\\\/\\\/dewaegh.com\\\/#organization\",\"name\":\"Brasserie de Waegh\",\"url\":\"https:\\\/\\\/dewaegh.com\\\/\",\"logo\":{\"@type\":\"ImageObject\",\"inLanguage\":\"fr-FR\",\"@id\":\"https:\\\/\\\/dewaegh.com\\\/#\\\/schema\\\/logo\\\/image\\\/\",\"url\":\"https:\\\/\\\/dewaegh.com\\\/wp-content\\\/uploads\\\/2025\\\/05\\\/logo_de_waegh.svg\",\"contentUrl\":\"https:\\\/\\\/dewaegh.com\\\/wp-content\\\/uploads\\\/2025\\\/05\\\/logo_de_waegh.svg\",\"width\":381,\"height\":105,\"caption\":\"Brasserie de Waegh\"},\"image\":{\"@id\":\"https:\\\/\\\/dewaegh.com\\\/#\\\/schema\\\/logo\\\/image\\\/\"}}]}<\/script>\n<!-- \/ Yoast SEO plugin. -->","yoast_head_json":{"title":"Carte de menu | Brasserie de Waegh","description":"Menu. D\u00e9couvrez nos plats de viande et de poisson issus de la cuisine fran\u00e7aise, italienne et espagnole, nos vins fins, nos bi\u00e8res sp\u00e9ciales et nos cocktails.","robots":{"index":"index","follow":"follow","max-snippet":"max-snippet:-1","max-image-preview":"max-image-preview:large","max-video-preview":"max-video-preview:-1"},"canonical":"https:\/\/dewaegh.com\/fr\/menu\/","og_locale":"fr_FR","og_type":"article","og_title":"Menukaart | Brasserie de Waegh","og_description":"Menu. Ontdek onze vlees- & visgerechten uit de Franse, Italiaanse en Spaanse keuken, heerlijke wijnen, speciaal bieren & cocktails.","og_url":"https:\/\/dewaegh.com\/fr\/menu\/","og_site_name":"Brasserie de Waegh","article_modified_time":"2026-03-26T11:18:15+00:00","og_image":[{"width":2560,"height":1707,"url":"https:\/\/dewaegh.com\/wp-content\/uploads\/2025\/07\/Brasserie-De-Waegh_mei-2025-8-van-67-scaled.jpg","type":"image\/jpeg"}],"twitter_card":"summary_large_image","twitter_misc":{"Dur\u00e9e de lecture estim\u00e9e":"2 minutes"},"schema":{"@context":"https:\/\/schema.org","@graph":[{"@type":"WebPage","@id":"https:\/\/dewaegh.com\/menu\/","url":"https:\/\/dewaegh.com\/menu\/","name":"Carte de menu | Brasserie de Waegh","isPartOf":{"@id":"https:\/\/dewaegh.com\/#website"},"primaryImageOfPage":{"@id":"https:\/\/dewaegh.com\/menu\/#primaryimage"},"image":{"@id":"https:\/\/dewaegh.com\/menu\/#primaryimage"},"thumbnailUrl":"https:\/\/dewaegh.com\/wp-content\/uploads\/2025\/07\/Brasserie-De-Waegh_mei-2025-8-van-67-scaled.jpg","datePublished":"2025-05-26T13:06:43+00:00","dateModified":"2026-03-26T11:18:15+00:00","description":"Menu. D\u00e9couvrez nos plats de viande et de poisson issus de la cuisine fran\u00e7aise, italienne et espagnole, nos vins fins, nos bi\u00e8res sp\u00e9ciales et nos cocktails.","breadcrumb":{"@id":"https:\/\/dewaegh.com\/menu\/#breadcrumb"},"inLanguage":"fr-FR","potentialAction":[{"@type":"ReadAction","target":["https:\/\/dewaegh.com\/menu\/"]}]},{"@type":"ImageObject","inLanguage":"fr-FR","@id":"https:\/\/dewaegh.com\/menu\/#primaryimage","url":"https:\/\/dewaegh.com\/wp-content\/uploads\/2025\/07\/Brasserie-De-Waegh_mei-2025-8-van-67-scaled.jpg","contentUrl":"https:\/\/dewaegh.com\/wp-content\/uploads\/2025\/07\/Brasserie-De-Waegh_mei-2025-8-van-67-scaled.jpg","width":2560,"height":1707,"caption":"menu de waegh"},{"@type":"BreadcrumbList","@id":"https:\/\/dewaegh.com\/menu\/#breadcrumb","itemListElement":[{"@type":"ListItem","position":1,"name":"Home","item":"https:\/\/dewaegh.com\/"},{"@type":"ListItem","position":2,"name":"Menu"}]},{"@type":"WebSite","@id":"https:\/\/dewaegh.com\/#website","url":"https:\/\/dewaegh.com\/","name":"Brasserie de Waegh","description":"","publisher":{"@id":"https:\/\/dewaegh.com\/#organization"},"potentialAction":[{"@type":"SearchAction","target":{"@type":"EntryPoint","urlTemplate":"https:\/\/dewaegh.com\/?s={search_term_string}"},"query-input":{"@type":"PropertyValueSpecification","valueRequired":true,"valueName":"search_term_string"}}],"inLanguage":"fr-FR"},{"@type":"Organization","@id":"https:\/\/dewaegh.com\/#organization","name":"Brasserie de Waegh","url":"https:\/\/dewaegh.com\/","logo":{"@type":"ImageObject","inLanguage":"fr-FR","@id":"https:\/\/dewaegh.com\/#\/schema\/logo\/image\/","url":"https:\/\/dewaegh.com\/wp-content\/uploads\/2025\/05\/logo_de_waegh.svg","contentUrl":"https:\/\/dewaegh.com\/wp-content\/uploads\/2025\/05\/logo_de_waegh.svg","width":381,"height":105,"caption":"Brasserie de Waegh"},"image":{"@id":"https:\/\/dewaegh.com\/#\/schema\/logo\/image\/"}}]}},"_links":{"self":[{"href":"https:\/\/dewaegh.com\/fr\/wp-json\/wp\/v2\/pages\/616","targetHints":{"allow":["GET"]}}],"collection":[{"href":"https:\/\/dewaegh.com\/fr\/wp-json\/wp\/v2\/pages"}],"about":[{"href":"https:\/\/dewaegh.com\/fr\/wp-json\/wp\/v2\/types\/page"}],"author":[{"embeddable":true,"href":"https:\/\/dewaegh.com\/fr\/wp-json\/wp\/v2\/users\/1"}],"replies":[{"embeddable":true,"href":"https:\/\/dewaegh.com\/fr\/wp-json\/wp\/v2\/comments?post=616"}],"version-history":[{"count":5,"href":"https:\/\/dewaegh.com\/fr\/wp-json\/wp\/v2\/pages\/616\/revisions"}],"predecessor-version":[{"id":2946,"href":"https:\/\/dewaegh.com\/fr\/wp-json\/wp\/v2\/pages\/616\/revisions\/2946"}],"wp:featuredmedia":[{"embeddable":true,"href":"https:\/\/dewaegh.com\/fr\/wp-json\/wp\/v2\/media\/1649"}],"wp:attachment":[{"href":"https:\/\/dewaegh.com\/fr\/wp-json\/wp\/v2\/media?parent=616"}],"curies":[{"name":"wp","href":"https:\/\/api.w.org\/{rel}","templated":true}]}}